{"id":2,"date":"2016-01-25T16:39:46","date_gmt":"2016-01-25T15:39:46","guid":{"rendered":"http:\/\/maquillage-permanent-orleans.fr\/?page_id=2"},"modified":"2026-02-19T09:50:56","modified_gmt":"2026-02-19T08:50:56","slug":"accueil","status":"publish","type":"page","link":"https:\/\/www.maquillage-permanent-orleans.fr\/","title":{"rendered":"ACCUEIL"},"content":{"rendered":"<p>[et_pb_section fb_built=\u00a0\u00bb1&Prime; admin_label=\u00a0\u00bbsection\u00a0\u00bb _builder_version=\u00a0\u00bb4.27.5&Prime; background_image=\u00a0\u00bbhttps:\/\/www.maquillage-permanent-orleans.fr\/wp-content\/uploads\/2026\/01\/ChatGPT-Image-28-janv.-2026-11_52_38.png\u00a0\u00bb custom_padding=\u00a0\u00bb10px|||||\u00a0\u00bb global_colors_info=\u00a0\u00bb{}\u00a0\u00bb][et_pb_row column_structure=\u00a0\u00bb1_2,1_2&Prime; _builder_version=\u00a0\u00bb4.16&Prime; _module_preset=\u00a0\u00bbdefault\u00a0\u00bb global_colors_info=\u00a0\u00bb{}\u00a0\u00bb][et_pb_column type=\u00a0\u00bb1_2&Prime; _builder_version=\u00a0\u00bb4.16&Prime; _module_preset=\u00a0\u00bbdefault\u00a0\u00bb global_colors_info=\u00a0\u00bb{}\u00a0\u00bb][et_pb_cta title=\u00a0\u00bbPRENDRE RENDEZ-VOUS \u00a0\u00bb button_url=\u00a0\u00bbhttps:\/\/mc2g-app.com\/Luna?action=AGLSE&#038;login=sandyetmoi\u00a0\u00bb url_new_window=\u00a0\u00bbon\u00a0\u00bb button_text=\u00a0\u00bbR\u00e9servez\u00a0\u00bb _builder_version=\u00a0\u00bb4.27.4&Prime; header_text_color=\u00a0\u00bb#000000&Prime; body_text_color=\u00a0\u00bb#000000&Prime; background_enable_color=\u00a0\u00bboff\u00a0\u00bb use_background_color=\u00a0\u00bboff\u00a0\u00bb custom_button=\u00a0\u00bbon\u00a0\u00bb button_text_color=\u00a0\u00bb#ffffff\u00a0\u00bb button_bg_color=\u00a0\u00bb#000000&Prime; button_border_color=\u00a0\u00bb#000000&Prime; button_border_radius=\u00a0\u00bb5px\u00a0\u00bb global_colors_info=\u00a0\u00bb{}\u00a0\u00bb][\/et_pb_cta][\/et_pb_column][et_pb_column type=\u00a0\u00bb1_2&Prime; _builder_version=\u00a0\u00bb4.16&Prime; _module_preset=\u00a0\u00bbdefault\u00a0\u00bb global_colors_info=\u00a0\u00bb{}\u00a0\u00bb][et_pb_cta title=\u00a0\u00bbBONS CADEAUX EN LIGNE\u00a0\u00bb button_url=\u00a0\u00bbhttps:\/\/mc2g-app.com\/Luna?action=AGLBC&#038;login=sandyetmoi\u00a0\u00bb url_new_window=\u00a0\u00bbon\u00a0\u00bb button_text=\u00a0\u00bbAcheter\u00a0\u00bb _builder_version=\u00a0\u00bb4.27.4&Prime; header_text_color=\u00a0\u00bb#000000&Prime; body_text_color=\u00a0\u00bb#000000&Prime; background_enable_color=\u00a0\u00bboff\u00a0\u00bb use_background_color=\u00a0\u00bboff\u00a0\u00bb custom_button=\u00a0\u00bbon\u00a0\u00bb button_text_color=\u00a0\u00bb#ffffff\u00a0\u00bb button_bg_color=\u00a0\u00bb#000000&Prime; button_border_color=\u00a0\u00bb#000000&Prime; button_border_radius=\u00a0\u00bb5px\u00a0\u00bb global_colors_info=\u00a0\u00bb{}\u00a0\u00bb][\/et_pb_cta][\/et_pb_column][\/et_pb_row][et_pb_row _builder_version=\u00a0\u00bb4.27.5&Prime; _module_preset=\u00a0\u00bbdefault\u00a0\u00bb global_colors_info=\u00a0\u00bb{}\u00a0\u00bb][et_pb_column type=\u00a0\u00bb4_4&Prime; _builder_version=\u00a0\u00bb4.27.5&Prime; _module_preset=\u00a0\u00bbdefault\u00a0\u00bb global_colors_info=\u00a0\u00bb{}\u00a0\u00bb][et_pb_slider show_image_video_mobile=\u00a0\u00bbon\u00a0\u00bb arrows_custom_color=\u00a0\u00bb#0A0909&Prime; dot_nav_custom_color=\u00a0\u00bb#0A0909&Prime; _builder_version=\u00a0\u00bb4.27.5&Prime; _module_preset=\u00a0\u00bbdefault\u00a0\u00bb header_text_color=\u00a0\u00bb#0A0909&Prime; background_color=\u00a0\u00bbRGBA(255,255,255,0)\u00a0\u00bb custom_button=\u00a0\u00bbon\u00a0\u00bb button_text_color=\u00a0\u00bb#0A0909&Prime; button_border_width=\u00a0\u00bb1px\u00a0\u00bb button_border_color=\u00a0\u00bb#0A0909&Prime; hover_enabled=\u00a0\u00bb0&Prime; text_shadow_style=\u00a0\u00bbpreset4&Prime; global_colors_info=\u00a0\u00bb{}\u00a0\u00bb sticky_enabled=\u00a0\u00bb0&Prime;][et_pb_slide heading=\u00a0\u00bbMAQUILLAGE PERMANENT\u00a0\u00bb button_text=\u00a0\u00bbPrendre RDV\u00a0\u00bb button_link=\u00a0\u00bbhttps:\/\/mc2g-app.com\/Luna?login=sandyetmoi&#038;fam=37&Prime; image=\u00a0\u00bbhttps:\/\/www.maquillage-permanent-orleans.fr\/wp-content\/uploads\/2026\/02\/maqiillage-permanent.png\u00a0\u00bb _builder_version=\u00a0\u00bb4.27.5&Prime; _module_preset=\u00a0\u00bbdefault\u00a0\u00bb global_colors_info=\u00a0\u00bb{}\u00a0\u00bb sticky_transition=\u00a0\u00bbon\u00a0\u00bb][\/et_pb_slide][et_pb_slide heading=\u00a0\u00bbONGLES\u00a0\u00bb button_text=\u00a0\u00bbPrendre RDV\u00a0\u00bb button_link=\u00a0\u00bbhttps:\/\/mc2g-app.com\/Luna?login=sandyetmoi&#038;fam=17&Prime; image=\u00a0\u00bbhttps:\/\/www.maquillage-permanent-orleans.fr\/wp-content\/uploads\/2026\/02\/Design-sans-titre5.png\u00a0\u00bb _builder_version=\u00a0\u00bb4.27.5&Prime; _module_preset=\u00a0\u00bbdefault\u00a0\u00bb global_colors_info=\u00a0\u00bb{}\u00a0\u00bb sticky_transition=\u00a0\u00bbon\u00a0\u00bb][\/et_pb_slide][et_pb_slide heading=\u00a0\u00bbREHAUSSEMENT DE CILS\u00a0\u00bb button_text=\u00a0\u00bbPrendre RDV\u00a0\u00bb button_link=\u00a0\u00bbhttps:\/\/mc2g-app.com\/Luna?login=sandyetmoi&#038;fam=118&Prime; image=\u00a0\u00bbhttps:\/\/www.maquillage-permanent-orleans.fr\/wp-content\/uploads\/2026\/02\/Design-sans-titre-1.png\u00a0\u00bb _builder_version=\u00a0\u00bb4.27.5&Prime; _module_preset=\u00a0\u00bbdefault\u00a0\u00bb global_colors_info=\u00a0\u00bb{}\u00a0\u00bb sticky_transition=\u00a0\u00bbon\u00a0\u00bb][\/et_pb_slide][et_pb_slide heading=\u00a0\u00bbEXTENSIONS DE CILS\u00a0\u00bb button_text=\u00a0\u00bbPrendre RDV\u00a0\u00bb button_link=\u00a0\u00bbhttps:\/\/mc2g-app.com\/Luna?login=sandyetmoi&#038;fam=15&Prime; image=\u00a0\u00bbhttps:\/\/www.maquillage-permanent-orleans.fr\/wp-content\/uploads\/2026\/02\/Design-sans-titre-2.png\u00a0\u00bb _builder_version=\u00a0\u00bb4.27.5&Prime; _module_preset=\u00a0\u00bbdefault\u00a0\u00bb hover_enabled=\u00a0\u00bb0&Prime; global_colors_info=\u00a0\u00bb{}\u00a0\u00bb sticky_transition=\u00a0\u00bbon\u00a0\u00bb title_text=\u00a0\u00bbDesign sans titre (2)\u00a0\u00bb sticky_enabled=\u00a0\u00bb0&Prime;][\/et_pb_slide][et_pb_slide heading=\u00a0\u00bbLPG CORPS\u00a0\u00bb button_text=\u00a0\u00bbPrendre RDV\u00a0\u00bb button_link=\u00a0\u00bbhttps:\/\/mc2g-app.com\/Luna?login=sandyetmoi&#038;fam=44&Prime; image=\u00a0\u00bbhttps:\/\/www.maquillage-permanent-orleans.fr\/wp-content\/uploads\/2026\/02\/LPG-Corps.png\u00a0\u00bb _builder_version=\u00a0\u00bb4.27.5&Prime; _module_preset=\u00a0\u00bbdefault\u00a0\u00bb global_colors_info=\u00a0\u00bb{}\u00a0\u00bb sticky_transition=\u00a0\u00bbon\u00a0\u00bb][\/et_pb_slide][et_pb_slide heading=\u00a0\u00bbLPG VISAGE\u00a0\u00bb button_text=\u00a0\u00bbPrendre RDV\u00a0\u00bb button_link=\u00a0\u00bbhttps:\/\/mc2g-app.com\/Luna?login=sandyetmoi&#038;fam=117&Prime; image=\u00a0\u00bbhttps:\/\/www.maquillage-permanent-orleans.fr\/wp-content\/uploads\/2026\/02\/LPG-visage.png\u00a0\u00bb _builder_version=\u00a0\u00bb4.27.5&Prime; _module_preset=\u00a0\u00bbdefault\u00a0\u00bb global_colors_info=\u00a0\u00bb{}\u00a0\u00bb sticky_transition=\u00a0\u00bbon\u00a0\u00bb][\/et_pb_slide][\/et_pb_slider][\/et_pb_column][\/et_pb_row][\/et_pb_section]<\/p>\n","protected":false},"excerpt":{"rendered":"","protected":false},"author":1,"featured_media":0,"parent":0,"menu_order":0,"comment_status":"closed","ping_status":"closed","template":"","meta":{"_et_pb_use_builder":"on","_et_pb_old_content":"[vc_row margin_top=\"0\" margin_bottom=\"0\" padding_left=\"0\" padding_right=\"0\" type=\"1\" bg_position=\"top\" bg_repeat=\"no-repeat\" bg_cover=\"false\" bg_attachment=\"false\" padding_top=\"0\" padding_bottom=\"0\" enable_parallax=\"false\" parallax_speed=\"0.2\" bg_type=\"no_bg\" bg_grad=\"background: -webkit-gradient(linear, left top, left bottom, color-stop(0%, #E3E3E3));background: -moz-linear-gradient(top,#E3E3E3 0%);background: -webkit-linear-gradient(top,#E3E3E3 0%);background: -o-linear-gradient(top,#E3E3E3 0%);background: -ms-linear-gradient(top,#E3E3E3 0%);background: linear-gradient(top,#E3E3E3 0%);\" parallax_style=\"vcpb-default\" bg_image_repeat=\"repeat\" bg_image_size=\"cover\" bg_img_attach=\"scroll\" parallax_sense=\"30\" animation_direction=\"left-animation\" animation_repeat=\"repeat\" bg_override=\"0\" parallax_content_sense=\"30\" fadeout_start_effect=\"30\" overlay_pattern_opacity=\"80\" multi_color_overlay_opacity=\"0.6\" seperator_type=\"none_seperator\" seperator_position=\"top_seperator\" seperator_shape_size=\"40\" seperator_svg_height=\"60\" seperator_shape_background=\"#ffffff\" seperator_shape_border=\"none\" seperator_shape_border_width=\"1\" icon_type=\"no_icon\" icon_size=\"32\" icon_style=\"none\" icon_color_border=\"#333333\" icon_border_size=\"1\" icon_border_radius=\"500\" icon_border_spacing=\"50\" img_width=\"48\" ult_hide_row_large_screen=\"off\" ult_hide_row_desktop=\"off\" ult_hide_row_tablet=\"off\" ult_hide_row_tablet_small=\"off\" ult_hide_row_mobile=\"off\" ult_hide_row_mobile_large=\"off\"][vc_column width=\"1\/1\"][rev_slider_vc alias=\"newslider2014\"][\/vc_column][\/vc_row]","_et_gb_content_width":"","footnotes":""},"class_list":["post-2","page","type-page","status-publish","hentry"],"yoast_head":"<!-- This site is optimized with the Yoast SEO plugin v27.0 - https:\/\/yoast.com\/product\/yoast-seo-wordpress\/ -->\n<title>Maquillage permanent \u00e0 Orl\u00e9ans | Sandy et Moi<\/title>\n<meta name=\"description\" content=\"Maquillage permanent\u00a0des yeux, des sourcils et des l\u00e8vres \u00e0\u00a0Orl\u00e9ans (45). Sublimer les traits de votre visage tout en restant naturelle.\" \/>\n<meta name=\"robots\" content=\"index, follow, max-snippet:-1, max-image-preview:large, max-video-preview:-1\" \/>\n<link rel=\"canonical\" href=\"https:\/\/www.maquillage-permanent-orleans.fr\/\" \/>\n<meta property=\"og:locale\" content=\"fr_FR\" \/>\n<meta property=\"og:type\" content=\"article\" \/>\n<meta property=\"og:title\" content=\"Maquillage permanent \u00e0 Orl\u00e9ans | Sandy et Moi\" \/>\n<meta property=\"og:description\" content=\"Maquillage permanent\u00a0des yeux, des sourcils et des l\u00e8vres \u00e0\u00a0Orl\u00e9ans (45). Sublimer les traits de votre visage tout en restant naturelle.\" \/>\n<meta property=\"og:url\" content=\"https:\/\/www.maquillage-permanent-orleans.fr\/\" \/>\n<meta property=\"og:site_name\" content=\"Maquillage Permanent \u00e0 Orl\u00e9ans\" \/>\n<meta property=\"article:modified_time\" content=\"2026-02-19T08:50:56+00:00\" \/>\n<meta name=\"twitter:card\" content=\"summary_large_image\" \/>\n<meta name=\"twitter:label1\" content=\"Dur\u00e9e de lecture estim\u00e9e\" \/>\n\t<meta name=\"twitter:data1\" content=\"3 minutes\" \/>\n<script type=\"application\/ld+json\" class=\"yoast-schema-graph\">{\"@context\":\"https:\/\/schema.org\",\"@graph\":[{\"@type\":\"WebPage\",\"@id\":\"https:\/\/www.maquillage-permanent-orleans.fr\/\",\"url\":\"https:\/\/www.maquillage-permanent-orleans.fr\/\",\"name\":\"Maquillage permanent \u00e0 Orl\u00e9ans | Sandy et Moi\",\"isPartOf\":{\"@id\":\"https:\/\/www.maquillage-permanent-orleans.fr\/#website\"},\"datePublished\":\"2016-01-25T15:39:46+00:00\",\"dateModified\":\"2026-02-19T08:50:56+00:00\",\"description\":\"Maquillage permanent\u00a0des yeux, des sourcils et des l\u00e8vres \u00e0\u00a0Orl\u00e9ans (45). Sublimer les traits de votre visage tout en restant naturelle.\",\"breadcrumb\":{\"@id\":\"https:\/\/www.maquillage-permanent-orleans.fr\/#breadcrumb\"},\"inLanguage\":\"fr-FR\",\"potentialAction\":[{\"@type\":\"ReadAction\",\"target\":[\"https:\/\/www.maquillage-permanent-orleans.fr\/\"]}]},{\"@type\":\"BreadcrumbList\",\"@id\":\"https:\/\/www.maquillage-permanent-orleans.fr\/#breadcrumb\",\"itemListElement\":[{\"@type\":\"ListItem\",\"position\":1,\"name\":\"Accueil\",\"item\":\"https:\/\/www.maquillage-permanent-orleans.fr\/\"},{\"@type\":\"ListItem\",\"position\":2,\"name\":\"ACCUEIL\"}]},{\"@type\":\"WebSite\",\"@id\":\"https:\/\/www.maquillage-permanent-orleans.fr\/#website\",\"url\":\"https:\/\/www.maquillage-permanent-orleans.fr\/\",\"name\":\"Maquillage Permanent \u00e0 Orl\u00e9ans\",\"description\":\"Sandy et moi\",\"potentialAction\":[{\"@type\":\"SearchAction\",\"target\":{\"@type\":\"EntryPoint\",\"urlTemplate\":\"https:\/\/www.maquillage-permanent-orleans.fr\/?s={search_term_string}\"},\"query-input\":{\"@type\":\"PropertyValueSpecification\",\"valueRequired\":true,\"valueName\":\"search_term_string\"}}],\"inLanguage\":\"fr-FR\"}]}<\/script>\n<!-- \/ Yoast SEO plugin. -->","yoast_head_json":{"title":"Maquillage permanent \u00e0 Orl\u00e9ans | Sandy et Moi","description":"Maquillage permanent\u00a0des yeux, des sourcils et des l\u00e8vres \u00e0\u00a0Orl\u00e9ans (45). Sublimer les traits de votre visage tout en restant naturelle.","robots":{"index":"index","follow":"follow","max-snippet":"max-snippet:-1","max-image-preview":"max-image-preview:large","max-video-preview":"max-video-preview:-1"},"canonical":"https:\/\/www.maquillage-permanent-orleans.fr\/","og_locale":"fr_FR","og_type":"article","og_title":"Maquillage permanent \u00e0 Orl\u00e9ans | Sandy et Moi","og_description":"Maquillage permanent\u00a0des yeux, des sourcils et des l\u00e8vres \u00e0\u00a0Orl\u00e9ans (45). Sublimer les traits de votre visage tout en restant naturelle.","og_url":"https:\/\/www.maquillage-permanent-orleans.fr\/","og_site_name":"Maquillage Permanent \u00e0 Orl\u00e9ans","article_modified_time":"2026-02-19T08:50:56+00:00","twitter_card":"summary_large_image","twitter_misc":{"Dur\u00e9e de lecture estim\u00e9e":"3 minutes"},"schema":{"@context":"https:\/\/schema.org","@graph":[{"@type":"WebPage","@id":"https:\/\/www.maquillage-permanent-orleans.fr\/","url":"https:\/\/www.maquillage-permanent-orleans.fr\/","name":"Maquillage permanent \u00e0 Orl\u00e9ans | Sandy et Moi","isPartOf":{"@id":"https:\/\/www.maquillage-permanent-orleans.fr\/#website"},"datePublished":"2016-01-25T15:39:46+00:00","dateModified":"2026-02-19T08:50:56+00:00","description":"Maquillage permanent\u00a0des yeux, des sourcils et des l\u00e8vres \u00e0\u00a0Orl\u00e9ans (45). Sublimer les traits de votre visage tout en restant naturelle.","breadcrumb":{"@id":"https:\/\/www.maquillage-permanent-orleans.fr\/#breadcrumb"},"inLanguage":"fr-FR","potentialAction":[{"@type":"ReadAction","target":["https:\/\/www.maquillage-permanent-orleans.fr\/"]}]},{"@type":"BreadcrumbList","@id":"https:\/\/www.maquillage-permanent-orleans.fr\/#breadcrumb","itemListElement":[{"@type":"ListItem","position":1,"name":"Accueil","item":"https:\/\/www.maquillage-permanent-orleans.fr\/"},{"@type":"ListItem","position":2,"name":"ACCUEIL"}]},{"@type":"WebSite","@id":"https:\/\/www.maquillage-permanent-orleans.fr\/#website","url":"https:\/\/www.maquillage-permanent-orleans.fr\/","name":"Maquillage Permanent \u00e0 Orl\u00e9ans","description":"Sandy et moi","potentialAction":[{"@type":"SearchAction","target":{"@type":"EntryPoint","urlTemplate":"https:\/\/www.maquillage-permanent-orleans.fr\/?s={search_term_string}"},"query-input":{"@type":"PropertyValueSpecification","valueRequired":true,"valueName":"search_term_string"}}],"inLanguage":"fr-FR"}]}},"_links":{"self":[{"href":"https:\/\/www.maquillage-permanent-orleans.fr\/index.php\/wp-json\/wp\/v2\/pages\/2","targetHints":{"allow":["GET"]}}],"collection":[{"href":"https:\/\/www.maquillage-permanent-orleans.fr\/index.php\/wp-json\/wp\/v2\/pages"}],"about":[{"href":"https:\/\/www.maquillage-permanent-orleans.fr\/index.php\/wp-json\/wp\/v2\/types\/page"}],"author":[{"embeddable":true,"href":"https:\/\/www.maquillage-permanent-orleans.fr\/index.php\/wp-json\/wp\/v2\/users\/1"}],"replies":[{"embeddable":true,"href":"https:\/\/www.maquillage-permanent-orleans.fr\/index.php\/wp-json\/wp\/v2\/comments?post=2"}],"version-history":[{"count":30,"href":"https:\/\/www.maquillage-permanent-orleans.fr\/index.php\/wp-json\/wp\/v2\/pages\/2\/revisions"}],"predecessor-version":[{"id":727,"href":"https:\/\/www.maquillage-permanent-orleans.fr\/index.php\/wp-json\/wp\/v2\/pages\/2\/revisions\/727"}],"wp:attachment":[{"href":"https:\/\/www.maquillage-permanent-orleans.fr\/index.php\/wp-json\/wp\/v2\/media?parent=2"}],"curies":[{"name":"wp","href":"https:\/\/api.w.org\/{rel}","templated":true}]}}